{"id":1614,"date":"2021-02-03T13:57:02","date_gmt":"2021-02-03T13:57:02","guid":{"rendered":"https:\/\/quiromasajeclaudio.com\/avis-legal\/"},"modified":"2021-02-03T13:57:04","modified_gmt":"2021-02-03T13:57:04","slug":"avis-legal","status":"publish","type":"page","link":"https:\/\/quiromasajeclaudio.com\/ca\/avis-legal\/","title":{"rendered":"Av\u00eds legal"},"content":{"rendered":"\t\t<div data-elementor-type=\"wp-page\" data-elementor-id=\"1614\" class=\"elementor elementor-1614 elementor-1553\" data-elementor-settings=\"[]\">\n\t\t\t\t\t\t<div class=\"elementor-inner\">\n\t\t\t\t\t\t\t<div class=\"elementor-section-wrap\">\n\t\t\t\t\t\t\t<section class=\"elementor-section elementor-top-section elementor-element elementor-element-2b8329e elementor-section-boxed elementor-section-height-default elementor-section-height-default\" data-id=\"2b8329e\" data-element_type=\"section\">\n\t\t\t\t\t\t<div class=\"elementor-container elementor-column-gap-default\">\n\t\t\t\t\t\t\t<div class=\"elementor-row\">\n\t\t\t\t\t<div class=\"elementor-column elementor-col-100 elementor-top-column elementor-element elementor-element-f146836\" data-id=\"f146836\" data-element_type=\"column\">\n\t\t\t<div class=\"elementor-column-wrap elementor-element-populated\">\n\t\t\t\t\t\t\t<div class=\"elementor-widget-wrap\">\n\t\t\t\t\t\t<div class=\"elementor-element elementor-element-9165149 elementor-widget elementor-widget-heading\" data-id=\"9165149\" data-element_type=\"widget\" data-widget_type=\"heading.default\">\n\t\t\t\t<div class=\"elementor-widget-container\">\n\t\t\t<h2 class=\"elementor-heading-title elementor-size-default\">Av\u00eds legal<\/h2>\t\t<\/div>\n\t\t\t\t<\/div>\n\t\t\t\t<div class=\"elementor-element elementor-element-1a00baf elementor-widget elementor-widget-text-editor\" data-id=\"1a00baf\" data-element_type=\"widget\" data-widget_type=\"text-editor.default\">\n\t\t\t\t<div class=\"elementor-widget-container\">\n\t\t\t\t\t\t\t\t<div class=\"elementor-text-editor elementor-clearfix\">\n\t\t\t\t<ol>\n<li><strong><u>INFORMACI\u00d3N CORPORATIVA<\/u><\/strong><\/li>\n<\/ol>\n<p>En cumplimiento de la Ley 34\/2002, de 11 de julio, de servicios de la sociedad de la informaci\u00f3n y de comercio electr\u00f3nico,&nbsp;<b>Claudio L\u00e1zaro L\u00f3pez<\/b><strong>,<\/strong>&nbsp;le informa que es titular de los sitios web:&nbsp;<span style=\"color: #b266a3;\"><b>https:\/\/quiromasajeclaudio.com\/<\/b><\/span><b>, &nbsp;<\/b>de acuerdo con la exigencia del art\u00edculo 10 de la mencionada Ley, y notifica los siguientes datos: con NIF\/CIF: <strong>38882373E<\/strong> y domicilio social: Calle Casta\u00f1os 93 1-1<strong>,<\/strong>&nbsp;C\u00f3digo Postal:&nbsp;<strong>08302<\/strong>. Localidad: MATAR\u00d3. Provincia: <strong>BARCELONA<\/strong>. La direcci\u00f3n de correo electr\u00f3nico de contacto con la empresa es:&nbsp;<a href=\"mailto:quiromasajeclaudio@gmail.com\" target=\"_blank\"><b>quiromasajeclaudio@gmail.com<\/b><\/a>&nbsp;&nbsp;<\/p>\n<ol start=\"2\">\n<li><strong><u>USUARIO Y R\u00c9GIMEN DE RESPONSABILIDADES<\/u><\/strong><\/li>\n<\/ol>\n<p>La navegaci\u00f3n por acceso o uso de la p\u00e1gina web&nbsp; y todos los subdominios y directorios incluidos bajo la misma, as\u00ed como los servicios o contenidos que a trav\u00e9s de \u00e9l se puedan obtener y todos los portales de dominio propio bajo titularidad de&nbsp;<span style=\"font-weight: 700;\">Claudio L\u00e1zaro L\u00f3pez<\/span><strong>,&nbsp;<\/strong>otorga la Condici\u00f3n de&nbsp;<strong>Usuario<\/strong>, por la que se aceptan, al navegar por la p\u00e1gina&nbsp;<span style=\"font-weight: 700;\">Claudio L\u00e1zaro L\u00f3pez<\/span><strong>,&nbsp;<\/strong>todas las condiciones de uso que se establecen aqu\u00ed sin perjudicar la aplicaci\u00f3n de la correspondiente normativa de obligado cumplimiento legal seg\u00fan el caso.<\/p>\n<p>Por eso, si las consideraciones detalladas en este aviso legal no son de su conformidad, rogamos no haga uso del portal, ya que cualquier uso que haga del mismo o los servicios y contenidos en \u00e9l incluidos implicar\u00e1 la aceptaci\u00f3n de los t\u00e9rminos legales recogidos en este texto.<\/p>\n<p>La p\u00e1gina web de&nbsp;<span style=\"font-weight: 700;\">Claudio L\u00e1zaro L\u00f3pez<\/span><strong>,&nbsp;<\/strong>proporciona gran diversidad de informaci\u00f3n, servicios y datos. El usuario asume su responsabilidad en el uso correcto de los sitios web. Esta responsabilidad se extender\u00e1 a: La veracidad y licitud de las informaciones aportadas por el usuario en los formularios emitidos por&nbsp;<span style=\"font-weight: 700;\">Claudio L\u00e1zaro L\u00f3pez<\/span><strong>,&nbsp;<\/strong>para acceder a determinados contenidos o servicios ofrecidos por la web.<\/p>\n<p>El uso de la informaci\u00f3n, servicios y datos ofrecidos por&nbsp;<span style=\"font-weight: 700;\">Claudio L\u00e1zaro L\u00f3pez<\/span><strong>,&nbsp;<\/strong>no ir\u00e1n contra las disposiciones de estas condiciones, la Ley, la moral, las buenas costumbres o el orden p\u00fablico o que, en otro caso, puedan suponer lesi\u00f3n de los derechos de terceros o del funcionamiento de los sitios web. A tal efecto, el Usuario se abstendr\u00e1 de utilizar cualquiera de los contenidos con fines o efectos il\u00edcitos, prohibidos en este texto, lesivos de los derechos e intereses de terceros, o que de cualquier forma puedan da\u00f1ar, inutilizar, sobrecargar, deteriorar o impedir la normal utilizaci\u00f3n de los contenidos, otros Usuarios o de cualquier usuario de Internet (hardware y software).<\/p>\n<p>Los usuarios responder\u00e1n de los da\u00f1os y perjuicios de toda naturaleza que la empresa propietaria de la web pueda sufrir, directa o indirectamente, como consecuencia de incumplimiento de cualquiera de las obligaciones derivadas del uso de la Web y de esta pol\u00edtica de privacidad.<\/p>\n<p>En particular, ya t\u00edtulo meramente indicativo y no exhaustivo, el Usuario se compromete a no transmitir, difundir o poner a disposici\u00f3n de terceros informaciones, datos, contenidos, mensajes, gr\u00e1ficos, dibujos, archivos de sonido y\/o imagen, fotograf\u00edas de la web.<\/p>\n\t\t\t\t\t<\/div>\n\t\t\t\t\t\t<\/div>\n\t\t\t\t<\/div>\n\t\t\t\t\t\t<\/div>\n\t\t\t\t\t<\/div>\n\t\t<\/div>\n\t\t\t\t\t\t\t\t<\/div>\n\t\t\t\t\t<\/div>\n\t\t<\/section>\n\t\t\t\t\t\t<\/div>\n\t\t\t\t\t\t<\/div>\n\t\t\t\t\t<\/div>\n\t\t","protected":false},"excerpt":{"rendered":"<p>Av\u00eds legal INFORMACI\u00d3N CORPORATIVA En cumplimiento de la Ley 34\/2002, de 11 de julio, de servicios de la sociedad de la informaci\u00f3n y de comercio electr\u00f3nico,&nbsp;Claudio L\u00e1zaro L\u00f3pez,&nbsp;le informa que es titular de los sitios web:&nbsp;https:\/\/quiromasajeclaudio.com\/, &nbsp;de acuerdo con la exigencia del art\u00edculo 10 de la mencionada Ley, y notifica los siguientes datos: con NIF\/CIF: &#8230; <a title=\"Av\u00eds legal\" class=\"read-more\" href=\"https:\/\/quiromasajeclaudio.com\/ca\/avis-legal\/\" aria-label=\"More on Av\u00eds legal\">Read more<\/a><\/p>\n","protected":false},"author":1,"featured_media":0,"parent":0,"menu_order":0,"comment_status":"closed","ping_status":"closed","template":"elementor_header_footer","meta":{"ngg_post_thumbnail":0},"_links":{"self":[{"href":"https:\/\/quiromasajeclaudio.com\/ca\/wp-json\/wp\/v2\/pages\/1614"}],"collection":[{"href":"https:\/\/quiromasajeclaudio.com\/ca\/wp-json\/wp\/v2\/pages"}],"about":[{"href":"https:\/\/quiromasajeclaudio.com\/ca\/wp-json\/wp\/v2\/types\/page"}],"author":[{"embeddable":true,"href":"https:\/\/quiromasajeclaudio.com\/ca\/wp-json\/wp\/v2\/users\/1"}],"replies":[{"embeddable":true,"href":"https:\/\/quiromasajeclaudio.com\/ca\/wp-json\/wp\/v2\/comments?post=1614"}],"version-history":[{"count":1,"href":"https:\/\/quiromasajeclaudio.com\/ca\/wp-json\/wp\/v2\/pages\/1614\/revisions"}],"predecessor-version":[{"id":1615,"href":"https:\/\/quiromasajeclaudio.com\/ca\/wp-json\/wp\/v2\/pages\/1614\/revisions\/1615"}],"wp:attachment":[{"href":"https:\/\/quiromasajeclaudio.com\/ca\/wp-json\/wp\/v2\/media?parent=1614"}],"curies":[{"name":"wp","href":"https:\/\/api.w.org\/{rel}","templated":true}]}}