{"id":1660,"date":"2021-02-03T16:22:25","date_gmt":"2021-02-03T16:22:25","guid":{"rendered":"https:\/\/quiromasajeclaudio.com\/contacte\/"},"modified":"2026-02-05T17:24:51","modified_gmt":"2026-02-05T17:24:51","slug":"contacte","status":"publish","type":"page","link":"https:\/\/quiromasajeclaudio.com\/ca\/contacte\/","title":{"rendered":"Contacte"},"content":{"rendered":"\t\t<div data-elementor-type=\"wp-page\" data-elementor-id=\"1660\" class=\"elementor elementor-1660 elementor-114\" data-elementor-settings=\"[]\">\n\t\t\t\t\t\t<div class=\"elementor-inner\">\n\t\t\t\t\t\t\t<div class=\"elementor-section-wrap\">\n\t\t\t\t\t\t\t<section class=\"elementor-section elementor-top-section elementor-element elementor-element-1ea1bcb elementor-section-boxed elementor-section-height-default elementor-section-height-default\" data-id=\"1ea1bcb\" data-element_type=\"section\">\n\t\t\t\t\t\t<div class=\"elementor-container elementor-column-gap-default\">\n\t\t\t\t\t\t\t<div class=\"elementor-row\">\n\t\t\t\t\t<div class=\"elementor-column elementor-col-100 elementor-top-column elementor-element elementor-element-1fadf16\" data-id=\"1fadf16\" data-element_type=\"column\">\n\t\t\t<div class=\"elementor-column-wrap elementor-element-populated\">\n\t\t\t\t\t\t\t<div class=\"elementor-widget-wrap\">\n\t\t\t\t\t\t<div class=\"elementor-element elementor-element-ef763dd elementor-widget elementor-widget-spacer\" data-id=\"ef763dd\" data-element_type=\"widget\" data-widget_type=\"spacer.default\">\n\t\t\t\t<div class=\"elementor-widget-container\">\n\t\t\t\t\t<div class=\"elementor-spacer\">\n\t\t\t<div class=\"elementor-spacer-inner\"><\/div>\n\t\t<\/div>\n\t\t\t\t<\/div>\n\t\t\t\t<\/div>\n\t\t\t\t\t\t<\/div>\n\t\t\t\t\t<\/div>\n\t\t<\/div>\n\t\t\t\t\t\t\t\t<\/div>\n\t\t\t\t\t<\/div>\n\t\t<\/section>\n\t\t\t\t<section class=\"elementor-section elementor-top-section elementor-element elementor-element-3d7cd3c elementor-section-boxed elementor-section-height-default elementor-section-height-default elementor-invisible\" data-id=\"3d7cd3c\" data-element_type=\"section\" data-settings=\"{&quot;animation&quot;:&quot;fadeIn&quot;}\">\n\t\t\t\t\t\t<div class=\"elementor-container elementor-column-gap-default\">\n\t\t\t\t\t\t\t<div class=\"elementor-row\">\n\t\t\t\t\t<div class=\"elementor-column elementor-col-100 elementor-top-column elementor-element elementor-element-3739848\" data-id=\"3739848\" data-element_type=\"column\">\n\t\t\t<div class=\"elementor-column-wrap elementor-element-populated\">\n\t\t\t\t\t\t\t<div class=\"elementor-widget-wrap\">\n\t\t\t\t\t\t<div class=\"elementor-element elementor-element-9571b91 elementor-view-default elementor-widget elementor-widget-icon\" data-id=\"9571b91\" data-element_type=\"widget\" data-widget_type=\"icon.default\">\n\t\t\t\t<div class=\"elementor-widget-container\">\n\t\t\t\t\t<div class=\"elementor-icon-wrapper\">\n\t\t\t<div class=\"elementor-icon\">\n\t\t\t<svg xmlns=\"http:\/\/www.w3.org\/2000\/svg\" xmlns:xlink=\"http:\/\/www.w3.org\/1999\/xlink\" id=\"Capa_1\" x=\"0px\" y=\"0px\" viewBox=\"0 0 511.874 511.874\" style=\"enable-background:new 0 0 511.874 511.874;\" xml:space=\"preserve\">\n<g>\n\t<g>\n\t\t<g>\n\t\t\t<path d=\"M490.114,12.813H132.568c-12.012,0.014-21.746,9.748-21.76,21.76v98.62l-16.35-24.525     c-7.484-11.289-22.535-14.676-34.133-7.68l-33.638,20.224c-11.016,6.464-19.097,16.946-22.545,29.244     c-12.271,44.681-3.166,121.66,109.824,234.667C203.821,474.885,270.816,499.06,316.99,499.06     c10.69,0.049,21.339-1.34,31.659-4.13c12.293-3.448,22.775-11.518,29.252-22.519l20.198-33.673     c6.968-11.589,3.584-26.609-7.68-34.091l-80.546-53.692c-11.049-7.308-25.859-4.905-34.031,5.521l-23.45,30.148     c-2.451,3.226-6.897,4.166-10.445,2.21l-4.463-2.458c-14.686-8.004-32.964-17.971-69.879-54.886     c-3.994-3.994-7.612-7.731-11.008-11.307h333.517c11.982,0.009,21.713-9.676,21.76-21.658V34.573     C511.86,22.561,502.126,12.827,490.114,12.813z M229.318,401.362l4.335,2.381c10.897,6.093,24.614,3.266,32.213-6.639     l23.45-30.148c2.666-3.396,7.49-4.179,11.093-1.801l80.546,53.692c3.659,2.439,4.759,7.321,2.5,11.093l-20.198,33.673     c-4.218,7.233-11.071,12.553-19.123,14.848c-40.337,11.093-110.933,1.707-218.078-105.446S9.56,195.273,20.627,154.97     c2.293-8.051,7.61-14.903,14.839-19.123l33.673-20.207c3.773-2.254,8.652-1.155,11.093,2.5l53.717,80.546     c2.382,3.602,1.599,8.43-1.801,11.093l-30.157,23.458c-9.903,7.597-12.731,21.311-6.639,32.205l2.389,4.335     c8.533,15.65,19.14,35.123,57.805,73.779C194.212,382.213,213.677,392.828,229.318,401.362z M494.808,298.526     c-0.028,2.567-2.127,4.627-4.693,4.608H141.203c-11.083-12.674-20.64-26.604-28.476-41.506l-2.458-4.48     c-1.96-3.54-1.022-7.982,2.202-10.428l30.157-23.458c10.43-8.17,12.833-22.982,5.521-34.031l-20.275-30.43V34.573     c-0.014-1.249,0.476-2.451,1.359-3.334c0.883-0.883,2.085-1.373,3.334-1.359h357.547c1.249-0.014,2.451,0.476,3.334,1.359     c0.883,0.883,1.373,2.085,1.359,3.334V298.526z\"><\/path>\n\t\t\t<path d=\"M460.725,52.323l-142.618,108.16c-4.035,2.932-9.499,2.932-13.534,0L162.008,52.323     c-3.756-2.849-9.111-2.113-11.959,1.643c-2.849,3.756-2.113,9.111,1.643,11.959l142.583,108.151     c10.144,7.494,23.989,7.494,34.133,0L471.034,65.925c1.805-1.368,2.992-3.398,3.299-5.642c0.307-2.244-0.29-4.518-1.661-6.321     C469.824,50.213,464.478,49.48,460.725,52.323z\"><\/path>\n\t\t\t<path d=\"M238.517,174.793l-87.415,93.611c-3.214,3.447-3.025,8.848,0.422,12.062c3.447,3.214,8.848,3.025,12.062-0.422     l87.416-93.653c2.888-3.484,2.553-8.617-0.762-11.698C246.924,171.612,241.78,171.656,238.517,174.793z\"><\/path>\n\t\t\t<path d=\"M384.728,174.793c-3.214-3.447-8.614-3.637-12.062-0.422c-3.447,3.214-3.637,8.614-0.422,12.062l87.39,93.611     c3.214,3.447,8.614,3.637,12.062,0.422c3.447-3.214,3.637-8.614,0.422-12.062L384.728,174.793z\"><\/path>\n\t\t<\/g>\n\t<\/g>\n<\/g>\n<g>\n<\/g>\n<g>\n<\/g>\n<g>\n<\/g>\n<g>\n<\/g>\n<g>\n<\/g>\n<g>\n<\/g>\n<g>\n<\/g>\n<g>\n<\/g>\n<g>\n<\/g>\n<g>\n<\/g>\n<g>\n<\/g>\n<g>\n<\/g>\n<g>\n<\/g>\n<g>\n<\/g>\n<g>\n<\/g>\n<\/svg>\t\t\t<\/div>\n\t\t<\/div>\n\t\t\t\t<\/div>\n\t\t\t\t<\/div>\n\t\t\t\t<div class=\"elementor-element elementor-element-8d0c73b eael-dual-header-content-align-center elementor-widget elementor-widget-eael-dual-color-header\" data-id=\"8d0c73b\" data-element_type=\"widget\" data-widget_type=\"eael-dual-color-header.default\">\n\t\t\t\t<div class=\"elementor-widget-container\">\n\t\t\t\n\t\t        <div class=\"eael-dual-header\">\n\t\t\t\t<h2 class=\"title\"><span  class=\"lead solid-color\">Con<\/span> <span>tacte<\/span><\/h2>\n\t\t\t\t<span class=\"subtext\"><p><span style=\"font-weight: 400;\">Tens algun dubte o vols realitzar una reserva?<\/span><span style=\"font-weight: 400;\"><br \/>\n<\/span><span style=\"font-weight: 400;\">Contacta amb mi mitjan\u00e7ant el formulari de contacte, el meu e-mail o directament per tel\u00e8fon (Trucada o Whatsapp).<\/span><\/p>\n<\/span>\n\t\t\t\t<\/div>\n\t\n\t\t\n\t\t\n\t\t\n\t\t\t\t<\/div>\n\t\t\t\t<\/div>\n\t\t\t\t\t\t<\/div>\n\t\t\t\t\t<\/div>\n\t\t<\/div>\n\t\t\t\t\t\t\t\t<\/div>\n\t\t\t\t\t<\/div>\n\t\t<\/section>\n\t\t\t\t<section class=\"elementor-section elementor-top-section elementor-element elementor-element-3e9ff86 elementor-section-boxed elementor-section-height-default elementor-section-height-default\" data-id=\"3e9ff86\" data-element_type=\"section\">\n\t\t\t\t\t\t<div class=\"elementor-container elementor-column-gap-default\">\n\t\t\t\t\t\t\t<div class=\"elementor-row\">\n\t\t\t\t\t<div class=\"elementor-column elementor-col-100 elementor-top-column elementor-element elementor-element-32a7e62\" data-id=\"32a7e62\" data-element_type=\"column\">\n\t\t\t<div class=\"elementor-column-wrap elementor-element-populated\">\n\t\t\t\t\t\t\t<div class=\"elementor-widget-wrap\">\n\t\t\t\t\t\t<div class=\"elementor-element elementor-element-e98fd02 elementor-widget elementor-widget-spacer\" data-id=\"e98fd02\" data-element_type=\"widget\" data-widget_type=\"spacer.default\">\n\t\t\t\t<div class=\"elementor-widget-container\">\n\t\t\t\t\t<div class=\"elementor-spacer\">\n\t\t\t<div class=\"elementor-spacer-inner\"><\/div>\n\t\t<\/div>\n\t\t\t\t<\/div>\n\t\t\t\t<\/div>\n\t\t\t\t\t\t<\/div>\n\t\t\t\t\t<\/div>\n\t\t<\/div>\n\t\t\t\t\t\t\t\t<\/div>\n\t\t\t\t\t<\/div>\n\t\t<\/section>\n\t\t\t\t<section class=\"elementor-section elementor-top-section elementor-element elementor-element-b16a9fc elementor-section-boxed elementor-section-height-default elementor-section-height-default elementor-invisible\" data-id=\"b16a9fc\" data-element_type=\"section\" data-settings=\"{&quot;animation&quot;:&quot;fadeIn&quot;}\">\n\t\t\t\t\t\t<div class=\"elementor-container elementor-column-gap-default\">\n\t\t\t\t\t\t\t<div class=\"elementor-row\">\n\t\t\t\t\t<div class=\"elementor-column elementor-col-50 elementor-top-column elementor-element elementor-element-6738a22\" data-id=\"6738a22\" data-element_type=\"column\" data-settings=\"{&quot;background_background&quot;:&quot;classic&quot;}\">\n\t\t\t<div class=\"elementor-column-wrap elementor-element-populated\">\n\t\t\t\t\t\t\t<div class=\"elementor-widget-wrap\">\n\t\t\t\t\t\t<div class=\"elementor-element elementor-element-c880463 elementor-widget elementor-widget-image\" data-id=\"c880463\" data-element_type=\"widget\" data-widget_type=\"image.default\">\n\t\t\t\t<div class=\"elementor-widget-container\">\n\t\t\t\t\t\t\t\t<div class=\"elementor-image\">\n\t\t\t\t\t\t\t\t\t\t\t\t<img width=\"1024\" height=\"683\" src=\"https:\/\/quiromasajeclaudio.com\/wp-content\/uploads\/2020\/08\/DSC01094-Con-logo-v2-1024x683.jpg\" class=\"attachment-large size-large\" alt=\"\" loading=\"lazy\" srcset=\"https:\/\/quiromasajeclaudio.com\/wp-content\/uploads\/2020\/08\/DSC01094-Con-logo-v2-1024x683.jpg 1024w, https:\/\/quiromasajeclaudio.com\/wp-content\/uploads\/2020\/08\/DSC01094-Con-logo-v2-300x200.jpg 300w, https:\/\/quiromasajeclaudio.com\/wp-content\/uploads\/2020\/08\/DSC01094-Con-logo-v2-768x512.jpg 768w, https:\/\/quiromasajeclaudio.com\/wp-content\/uploads\/2020\/08\/DSC01094-Con-logo-v2.jpg 1500w\" sizes=\"(max-width: 1024px) 100vw, 1024px\" \/>\t\t\t\t\t\t\t\t\t\t\t\t\t\t<\/div>\n\t\t\t\t\t\t<\/div>\n\t\t\t\t<\/div>\n\t\t\t\t<div class=\"elementor-element elementor-element-b271c65 elementor-widget elementor-widget-image\" data-id=\"b271c65\" data-element_type=\"widget\" data-widget_type=\"image.default\">\n\t\t\t\t<div class=\"elementor-widget-container\">\n\t\t\t\t\t\t\t\t<div class=\"elementor-image\">\n\t\t\t\t\t\t\t\t\t\t\t\t<img width=\"1080\" height=\"680\" src=\"https:\/\/quiromasajeclaudio.com\/wp-content\/uploads\/2023\/10\/HORARIO-WEB-1080X680PX-.png\" class=\"attachment-full size-full\" alt=\"\" loading=\"lazy\" srcset=\"https:\/\/quiromasajeclaudio.com\/wp-content\/uploads\/2023\/10\/HORARIO-WEB-1080X680PX-.png 1080w, https:\/\/quiromasajeclaudio.com\/wp-content\/uploads\/2023\/10\/HORARIO-WEB-1080X680PX--300x189.png 300w, https:\/\/quiromasajeclaudio.com\/wp-content\/uploads\/2023\/10\/HORARIO-WEB-1080X680PX--1024x645.png 1024w, https:\/\/quiromasajeclaudio.com\/wp-content\/uploads\/2023\/10\/HORARIO-WEB-1080X680PX--768x484.png 768w\" sizes=\"(max-width: 1080px) 100vw, 1080px\" \/>\t\t\t\t\t\t\t\t\t\t\t\t\t\t<\/div>\n\t\t\t\t\t\t<\/div>\n\t\t\t\t<\/div>\n\t\t\t\t<div class=\"elementor-element elementor-element-19d8874 elementor-widget elementor-widget-spacer\" data-id=\"19d8874\" data-element_type=\"widget\" data-widget_type=\"spacer.default\">\n\t\t\t\t<div class=\"elementor-widget-container\">\n\t\t\t\t\t<div class=\"elementor-spacer\">\n\t\t\t<div class=\"elementor-spacer-inner\"><\/div>\n\t\t<\/div>\n\t\t\t\t<\/div>\n\t\t\t\t<\/div>\n\t\t\t\t<div class=\"elementor-element elementor-element-f7fbf9b elementor-widget elementor-widget-text-editor\" data-id=\"f7fbf9b\" data-element_type=\"widget\" data-widget_type=\"text-editor.default\">\n\t\t\t\t<div class=\"elementor-widget-container\">\n\t\t\t\t\t\t\t\t<div class=\"elementor-text-editor elementor-clearfix\">\n\t\t\t\t<p>Pots contactar amb mi a trav\u00e9s del correu electr\u00f2nic: <span style=\"color: #b468a5;\"><strong><a style=\"color: #b468a5;\" href=\"mailto:quiromasajeclaudio@gmail.com\">quiromasajeclaudio@gmail.com<\/a><\/strong><\/span><\/p>\n<p>Si ho prefereixes, pots reservar la teva cita o enviar la teva consulta a mitjan\u00e7ant el formulari o a trav\u00e9s de<a href=\"https:\/\/www.instagram.com\/quiromasajeclaudio\/?hl=es\" target=\"_blank\" rel=\"noopener\"><span style=\"color: #b468a5;\"><strong> Instagram<\/strong><\/span><\/a>.<\/p>\n\t\t\t\t\t<\/div>\n\t\t\t\t\t\t<\/div>\n\t\t\t\t<\/div>\n\t\t\t\t<div class=\"elementor-element elementor-element-c6fa7ac elementor-widget__width-auto elementor-widget elementor-widget-button\" data-id=\"c6fa7ac\" data-element_type=\"widget\" data-widget_type=\"button.default\">\n\t\t\t\t<div class=\"elementor-widget-container\">\n\t\t\t\t\t<div class=\"elementor-button-wrapper\">\n\t\t\t<a href=\"tel:686273030\" class=\"elementor-button-link elementor-button elementor-size-sm\" role=\"button\">\n\t\t\t\t\t\t<span class=\"elementor-button-content-wrapper\">\n\t\t\t\t\t\t<span class=\"elementor-button-icon elementor-align-icon-left\">\n\t\t\t\t<i aria-hidden=\"true\" class=\"fab fa-whatsapp\"><\/i>\t\t\t<\/span>\n\t\t\t\t\t\t<span class=\"elementor-button-text\">Informa't<\/span>\n\t\t<\/span>\n\t\t\t\t\t<\/a>\n\t\t<\/div>\n\t\t\t\t<\/div>\n\t\t\t\t<\/div>\n\t\t\t\t<div class=\"elementor-element elementor-element-c5b02d5 elementor-widget__width-auto elementor-widget elementor-widget-button\" data-id=\"c5b02d5\" data-element_type=\"widget\" data-widget_type=\"button.default\">\n\t\t\t\t<div class=\"elementor-widget-container\">\n\t\t\t\t\t<div class=\"elementor-button-wrapper\">\n\t\t\t<a href=\"https:\/\/www.instagram.com\/quiromasajeclaudio\/?hl=es\" target=\"_blank\" class=\"elementor-button-link elementor-button elementor-size-sm\" role=\"button\">\n\t\t\t\t\t\t<span class=\"elementor-button-content-wrapper\">\n\t\t\t\t\t\t<span class=\"elementor-button-icon elementor-align-icon-left\">\n\t\t\t\t<i aria-hidden=\"true\" class=\"fab fa-instagram\"><\/i>\t\t\t<\/span>\n\t\t\t\t\t\t<span class=\"elementor-button-text\">Instagram<\/span>\n\t\t<\/span>\n\t\t\t\t\t<\/a>\n\t\t<\/div>\n\t\t\t\t<\/div>\n\t\t\t\t<\/div>\n\t\t\t\t<div class=\"elementor-element elementor-element-3cc9e20 elementor-widget elementor-widget-spacer\" data-id=\"3cc9e20\" data-element_type=\"widget\" data-widget_type=\"spacer.default\">\n\t\t\t\t<div class=\"elementor-widget-container\">\n\t\t\t\t\t<div class=\"elementor-spacer\">\n\t\t\t<div class=\"elementor-spacer-inner\"><\/div>\n\t\t<\/div>\n\t\t\t\t<\/div>\n\t\t\t\t<\/div>\n\t\t\t\t\t\t<\/div>\n\t\t\t\t\t<\/div>\n\t\t<\/div>\n\t\t\t\t<div class=\"elementor-column elementor-col-50 elementor-top-column elementor-element elementor-element-99b350a\" data-id=\"99b350a\" data-element_type=\"column\" data-settings=\"{&quot;background_background&quot;:&quot;classic&quot;}\">\n\t\t\t<div class=\"elementor-column-wrap elementor-element-populated\">\n\t\t\t\t\t\t\t<div class=\"elementor-widget-wrap\">\n\t\t\t\t\t\t<div class=\"elementor-element elementor-element-d019e38 elementor-button-align-stretch elementor-widget elementor-widget-form\" data-id=\"d019e38\" data-element_type=\"widget\" data-settings=\"{&quot;step_next_label&quot;:&quot;Next&quot;,&quot;step_previous_label&quot;:&quot;Previous&quot;,&quot;button_width&quot;:&quot;100&quot;,&quot;step_type&quot;:&quot;number_text&quot;,&quot;step_icon_shape&quot;:&quot;circle&quot;}\" data-widget_type=\"form.default\">\n\t\t\t\t<div class=\"elementor-widget-container\">\n\t\t\t\t\t<form class=\"elementor-form\" method=\"post\" name=\"Formulario 1\">\n\t\t\t<input type=\"hidden\" name=\"post_id\" value=\"1660\"\/>\n\t\t\t<input type=\"hidden\" name=\"form_id\" value=\"d019e38\"\/>\n\n\t\t\t\n\t\t\t<div class=\"elementor-form-fields-wrapper elementor-labels-above\">\n\t\t\t\t\t\t\t\t<div class=\"elementor-field-type-text elementor-field-group elementor-column elementor-field-group-name elementor-col-100 elementor-field-required elementor-mark-required\">\n\t\t\t\t\t<label for=\"form-field-name\" class=\"elementor-field-label\">Nom<\/label><input size=\"1\" type=\"text\" name=\"form_fields[name]\" id=\"form-field-name\" class=\"elementor-field elementor-size-sm  elementor-field-textual\" placeholder=\"Nom\" required=\"required\" aria-required=\"true\">\t\t\t\t<\/div>\n\t\t\t\t\t\t\t\t<div class=\"elementor-field-type-tel elementor-field-group elementor-column elementor-field-group-field_21fc012 elementor-col-100\">\n\t\t\t\t\t<label for=\"form-field-field_21fc012\" class=\"elementor-field-label\">Tel\u00e8fon<\/label><input size=\"1\" type=\"tel\" name=\"form_fields[field_21fc012]\" id=\"form-field-field_21fc012\" class=\"elementor-field elementor-size-sm  elementor-field-textual\" placeholder=\"Tel\u00e8fon\" pattern=\"[0-9()#&amp;+*-=.]+\" title=\"Only numbers and phone characters (#, -, *, etc) are accepted.\">\t\t\t\t<\/div>\n\t\t\t\t\t\t\t\t<div class=\"elementor-field-type-email elementor-field-group elementor-column elementor-field-group-email elementor-col-100 elementor-field-required elementor-mark-required\">\n\t\t\t\t\t<label for=\"form-field-email\" class=\"elementor-field-label\">Correu electr\u00f2nic<\/label><input size=\"1\" type=\"email\" name=\"form_fields[email]\" id=\"form-field-email\" class=\"elementor-field elementor-size-sm  elementor-field-textual\" placeholder=\"Correu electr\u00f2nic\" required=\"required\" aria-required=\"true\">\t\t\t\t<\/div>\n\t\t\t\t\t\t\t\t<div class=\"elementor-field-type-textarea elementor-field-group elementor-column elementor-field-group-message elementor-col-100\">\n\t\t\t\t\t<label for=\"form-field-message\" class=\"elementor-field-label\">Consulta<\/label><textarea class=\"elementor-field-textual elementor-field  elementor-size-sm\" name=\"form_fields[message]\" id=\"form-field-message\" rows=\"4\" placeholder=\"Consulta\"><\/textarea>\t\t\t\t<\/div>\n\t\t\t\t\t\t\t\t<div class=\"elementor-field-type-text elementor-field-group elementor-column elementor-field-group-field_1541857 elementor-col-100\">\n\t\t\t\t\t<label for=\"form-field-field_1541857\" class=\"elementor-field-label\">Disponibilitat<\/label><input size=\"1\" type=\"text\" name=\"form_fields[field_1541857]\" id=\"form-field-field_1541857\" class=\"elementor-field elementor-size-sm  elementor-field-textual\" placeholder=\"Indiqui la seva disponibilitat\">\t\t\t\t<\/div>\n\t\t\t\t\t\t\t\t<div class=\"elementor-field-type-acceptance elementor-field-group elementor-column elementor-field-group-field_da3ecba elementor-col-100 elementor-field-required elementor-mark-required\">\n\t\t\t\t\t<div class=\"elementor-field-subgroup\"><span class=\"elementor-field-option\"><input type=\"checkbox\" name=\"form_fields[field_da3ecba]\" id=\"form-field-field_da3ecba\" class=\"elementor-field elementor-size-sm  elementor-acceptance-field\" required=\"required\" aria-required=\"true\"> <label for=\"form-field-field_da3ecba\">He llegit i accepto la <a href=\"https:\/\/quiromasajeclaudio.com\/ca\/politica-de-privacitat\/\" TARGET=\"_BLANL\">pol\u00edtica de privacitat<\/A>, per tant consenteixo que Claudio L\u00e1zaro L\u00f3pez amb NIF 38882373E y domicili en Carrer Casta\u00f1os 93 1-1, Matar\u00f3 (Bcn) guardi les meves dades segons la legislaci\u00f3 vigent, autoritzo a que em contactin i estic informat de que tinc dret a accedir\/rectificar\/limitar\/suprimir les meves dades personals dels seus registres.<\/label><\/span><\/div>\t\t\t\t<\/div>\n\t\t\t\t\t\t\t\t<div class=\"elementor-field-group elementor-column elementor-field-type-submit elementor-col-100 e-form__buttons\">\n\t\t\t\t\t<button type=\"submit\" class=\"elementor-button elementor-size-sm\">\n\t\t\t\t\t\t<span >\n\t\t\t\t\t\t\t\t\t\t\t\t\t\t\t<span class=\" elementor-button-icon\">\n\t\t\t\t\t\t\t\t\t\t\t\t\t\t\t\t\t\t\t\t\t\t\t\t\t\t<\/span>\n\t\t\t\t\t\t\t\t\t\t\t\t\t\t\t\t\t\t\t\t\t\t<span class=\"elementor-button-text\">Enviar<\/span>\n\t\t\t\t\t\t\t\t\t\t\t\t\t<\/span>\n\t\t\t\t\t<\/button>\n\t\t\t\t<\/div>\n\t\t\t<\/div>\n\t\t<\/form>\n\t\t\t\t<\/div>\n\t\t\t\t<\/div>\n\t\t\t\t\t\t<\/div>\n\t\t\t\t\t<\/div>\n\t\t<\/div>\n\t\t\t\t\t\t\t\t<\/div>\n\t\t\t\t\t<\/div>\n\t\t<\/section>\n\t\t\t\t\t\t<\/div>\n\t\t\t\t\t\t<\/div>\n\t\t\t\t\t<\/div>\n\t\t","protected":false},"excerpt":{"rendered":"<p>Con tacte Tens algun dubte o vols realitzar una reserva? Contacta amb mi mitjan\u00e7ant el formulari de contacte, el meu e-mail o directament per tel\u00e8fon (Trucada o Whatsapp). Pots contactar amb mi a trav\u00e9s del correu electr\u00f2nic: quiromasajeclaudio@gmail.com Si ho prefereixes, pots reservar la teva cita o enviar la teva consulta a mitjan\u00e7ant el formulari &#8230; <a title=\"Contacte\" class=\"read-more\" href=\"https:\/\/quiromasajeclaudio.com\/ca\/contacte\/\" aria-label=\"More on Contacte\">Read more<\/a><\/p>\n","protected":false},"author":2,"featured_media":0,"parent":0,"menu_order":0,"comment_status":"closed","ping_status":"closed","template":"elementor_header_footer","meta":{"ngg_post_thumbnail":0},"_links":{"self":[{"href":"https:\/\/quiromasajeclaudio.com\/ca\/wp-json\/wp\/v2\/pages\/1660"}],"collection":[{"href":"https:\/\/quiromasajeclaudio.com\/ca\/wp-json\/wp\/v2\/pages"}],"about":[{"href":"https:\/\/quiromasajeclaudio.com\/ca\/wp-json\/wp\/v2\/types\/page"}],"author":[{"embeddable":true,"href":"https:\/\/quiromasajeclaudio.com\/ca\/wp-json\/wp\/v2\/users\/2"}],"replies":[{"embeddable":true,"href":"https:\/\/quiromasajeclaudio.com\/ca\/wp-json\/wp\/v2\/comments?post=1660"}],"version-history":[{"count":4,"href":"https:\/\/quiromasajeclaudio.com\/ca\/wp-json\/wp\/v2\/pages\/1660\/revisions"}],"predecessor-version":[{"id":2082,"href":"https:\/\/quiromasajeclaudio.com\/ca\/wp-json\/wp\/v2\/pages\/1660\/revisions\/2082"}],"wp:attachment":[{"href":"https:\/\/quiromasajeclaudio.com\/ca\/wp-json\/wp\/v2\/media?parent=1660"}],"curies":[{"name":"wp","href":"https:\/\/api.w.org\/{rel}","templated":true}]}}